{"id":49,"date":"2023-07-04T01:59:00","date_gmt":"2023-07-04T01:59:00","guid":{"rendered":"https:\/\/printspace.harutheme.com\/nft\/?page_id=49"},"modified":"2023-07-04T01:59:00","modified_gmt":"2023-07-04T01:59:00","slug":"order-tracking","status":"publish","type":"page","link":"https:\/\/print-on.it\/?page_id=49","title":{"rendered":"Order Tracking"},"content":{"rendered":"<div class=\"woocommerce\">\n<form action=\"https:\/\/print-on.it\/?page_id=49\" method=\"post\" class=\"woocommerce-form woocommerce-form-track-order track_order\">\n\n\t\n\t<p>Aby \u015bledzi\u0107 swoje zam\u00f3wienie wpisz jego numer w polu poni\u017cej i naci\u015bnij przycisk &quot;\u015aled\u017a&quot;. Numer zam\u00f3wienia znajdziesz na paragonie oraz w mailu potwierdzaj\u0105cym zam\u00f3wienie, kt\u00f3ry do ciebie wys\u0142ali\u015bmy.<\/p>\n\n\t<p class=\"form-row form-row-first\"><label for=\"orderid\">Identyfikator zam\u00f3wienia<\/label> <input class=\"input-text\" type=\"text\" name=\"orderid\" id=\"orderid\" value=\"\" placeholder=\"Wys\u0142any w e-mailu potwierdzaj\u0105cym zam\u00f3wienie.\" \/><\/p>\t<p class=\"form-row form-row-last\"><label for=\"order_email\">E-mail rozliczeniowy<\/label> <input class=\"input-text\" type=\"text\" name=\"order_email\" id=\"order_email\" value=\"\" placeholder=\"E-mail u\u017cyty w zam\u00f3wieniu.\" \/><\/p>\t<div class=\"clear\"><\/div>\n\n\t\n\t<p class=\"form-row\"><button type=\"submit\" class=\"button\" name=\"track\" value=\"\u015aled\u017a\">\u015aled\u017a<\/button><\/p>\n\t<input type=\"hidden\" id=\"woocommerce-order-tracking-nonce\" name=\"woocommerce-order-tracking-nonce\" value=\"afcf9b1461\" \/><input type=\"hidden\" name=\"_wp_http_referer\" value=\"\/index.php?rest_route=%2Fwp%2Fv2%2Fpages%2F49\" \/>\n\t\n<\/form>\n<\/div>\n","protected":false},"excerpt":{"rendered":"","protected":false},"author":1,"featured_media":0,"parent":0,"menu_order":0,"comment_status":"closed","ping_status":"closed","template":"","meta":{"footnotes":""},"class_list":["post-49","page","type-page","status-publish","hentry"],"_links":{"self":[{"href":"https:\/\/print-on.it\/index.php?rest_route=\/wp\/v2\/pages\/49","targetHints":{"allow":["GET"]}}],"collection":[{"href":"https:\/\/print-on.it\/index.php?rest_route=\/wp\/v2\/pages"}],"about":[{"href":"https:\/\/print-on.it\/index.php?rest_route=\/wp\/v2\/types\/page"}],"author":[{"embeddable":true,"href":"https:\/\/print-on.it\/index.php?rest_route=\/wp\/v2\/users\/1"}],"replies":[{"embeddable":true,"href":"https:\/\/print-on.it\/index.php?rest_route=%2Fwp%2Fv2%2Fcomments&post=49"}],"version-history":[{"count":0,"href":"https:\/\/print-on.it\/index.php?rest_route=\/wp\/v2\/pages\/49\/revisions"}],"wp:attachment":[{"href":"https:\/\/print-on.it\/index.php?rest_route=%2Fwp%2Fv2%2Fmedia&parent=49"}],"curies":[{"name":"wp","href":"https:\/\/api.w.org\/{rel}","templated":true}]}}