{"id":12,"date":"2026-04-05T01:47:31","date_gmt":"2026-04-04T23:47:31","guid":{"rendered":"https:\/\/print-on.it\/?page_id=12"},"modified":"2026-04-05T01:47:31","modified_gmt":"2026-04-04T23:47:31","slug":"moje-konto","status":"publish","type":"page","link":"https:\/\/print-on.it\/?page_id=12","title":{"rendered":"Moje konto"},"content":{"rendered":"<div class=\"woocommerce\"><div class=\"woocommerce-notices-wrapper\"><\/div><div class=\"customer_login_form_wrap\">\n\n<div class=\"u-columns col2-set\" id=\"customer_login\">\n\n    <div class=\"u-column1 col-1\">\n\n\n        <h2>Login<\/h2>\n\n        <form class=\"woocommerce-form woocommerce-form-login login\" method=\"post\" novalidate>\n\n            \n            <p class=\"woocommerce-form-row woocommerce-form-row--wide form-row form-row-wide\">\n                <label for=\"username\">Username or email address&nbsp;<span class=\"required\" aria-hidden=\"true\">*<\/span><span class=\"screen-reader-text\">Required<\/span><\/label>\n                <input type=\"text\" class=\"woocommerce-Input woocommerce-Input--text input-text\" name=\"username\" id=\"username\" autocomplete=\"username\" value=\"\" required aria-required=\"true\" \/>            <\/p>\n            <p class=\"woocommerce-form-row woocommerce-form-row--wide form-row form-row-wide\">\n                <label for=\"password\">Password&nbsp;<span class=\"required\" aria-hidden=\"true\">*<\/span><span class=\"screen-reader-text\">Required<\/span><\/label>\n                <input class=\"woocommerce-Input woocommerce-Input--text input-text\" type=\"password\" name=\"password\" id=\"password\" autocomplete=\"current-password\" required aria-required=\"true\" \/>\n            <\/p>\n\n            \n            <p class=\"form-row\">\n                <label class=\"woocommerce-form__label woocommerce-form__label-for-checkbox woocommerce-form-login__rememberme\">\n                    <input class=\"woocommerce-form__input woocommerce-form__input-checkbox\" name=\"rememberme\" type=\"checkbox\" id=\"rememberme\" value=\"forever\" \/> <span>Remember me<\/span>\n                <\/label>\n                <input type=\"hidden\" id=\"woocommerce-login-nonce\" name=\"woocommerce-login-nonce\" value=\"b015335c1c\" \/><input type=\"hidden\" name=\"_wp_http_referer\" value=\"\/index.php?rest_route=%2Fwp%2Fv2%2Fpages%2F12\" \/>                <button type=\"submit\" class=\"woocommerce-button button woocommerce-form-login__submit\" name=\"login\" value=\"Log in\">Log in<\/button>\n            <\/p>\n            <p class=\"woocommerce-LostPassword lost_password\">\n                <a href=\"https:\/\/print-on.it\/?page_id=12&#038;lost-password\">Lost your password?<\/a>\n            <\/p>\n\n            \n        <\/form>\n\n\n    <\/div>\n\n    <div class=\"u-column2 col-2\">\n\n        <h2>Register<\/h2>\n\n        <form method=\"post\" class=\"woocommerce-form woocommerce-form-register register\"  >\n\n            \n            \n            <p class=\"woocommerce-form-row woocommerce-form-row--wide form-row form-row-wide\">\n                <label for=\"reg_email\">Email address&nbsp;<span class=\"required\" aria-hidden=\"true\">*<\/span><span class=\"screen-reader-text\">Required<\/span><\/label>\n                <input type=\"email\" class=\"woocommerce-Input woocommerce-Input--text input-text\" name=\"email\" id=\"reg_email\" autocomplete=\"email\" value=\"\" required aria-required=\"true\" \/>            <\/p>\n\n            \n                <p>A link to set a new password will be sent to your email address.<\/p>\n\n            \n            <wc-order-attribution-inputs><\/wc-order-attribution-inputs><div class=\"woocommerce-privacy-policy-text\"><p>Twoje dane osobowe zostan\u0105 u\u017cyte do obs\u0142ugi twojej wizyty na naszej stronie, zarz\u0105dzania dost\u0119pem do twojego konta i dla innych cel\u00f3w o kt\u00f3rych m\u00f3wi nasza <a href=\"https:\/\/print-on.it\/?page_id=3\" class=\"woocommerce-privacy-policy-link\" target=\"_blank\">polityka prywatno\u015bci<\/a>.<\/p>\n<\/div>\n            <p class=\"woocommerce-form-row form-row\">\n                <input type=\"hidden\" id=\"woocommerce-register-nonce\" name=\"woocommerce-register-nonce\" value=\"09a634ee0f\" \/><input type=\"hidden\" name=\"_wp_http_referer\" value=\"\/index.php?rest_route=%2Fwp%2Fv2%2Fpages%2F12\" \/>                <button type=\"submit\" class=\"woocommerce-Button woocommerce-button button woocommerce-form-register__submit\" name=\"register\" value=\"Register\">Register<\/button>\n            <\/p>\n\n            \n        <\/form>\n\n    <\/div>\n\n<\/div>\n\n<\/div><\/div>\n","protected":false},"excerpt":{"rendered":"","protected":false},"author":1,"featured_media":0,"parent":0,"menu_order":0,"comment_status":"closed","ping_status":"closed","template":"","meta":{"footnotes":""},"class_list":["post-12","page","type-page","status-publish","hentry"],"_links":{"self":[{"href":"https:\/\/print-on.it\/index.php?rest_route=\/wp\/v2\/pages\/12","targetHints":{"allow":["GET"]}}],"collection":[{"href":"https:\/\/print-on.it\/index.php?rest_route=\/wp\/v2\/pages"}],"about":[{"href":"https:\/\/print-on.it\/index.php?rest_route=\/wp\/v2\/types\/page"}],"author":[{"embeddable":true,"href":"https:\/\/print-on.it\/index.php?rest_route=\/wp\/v2\/users\/1"}],"replies":[{"embeddable":true,"href":"https:\/\/print-on.it\/index.php?rest_route=%2Fwp%2Fv2%2Fcomments&post=12"}],"version-history":[{"count":0,"href":"https:\/\/print-on.it\/index.php?rest_route=\/wp\/v2\/pages\/12\/revisions"}],"wp:attachment":[{"href":"https:\/\/print-on.it\/index.php?rest_route=%2Fwp%2Fv2%2Fmedia&parent=12"}],"curies":[{"name":"wp","href":"https:\/\/api.w.org\/{rel}","templated":true}]}}